{"id":294,"date":"2023-10-30T13:28:22","date_gmt":"2023-10-30T16:28:22","guid":{"rendered":"http:\/\/sjcampos.cedecom.ufmg.br:8888\/odonto_posgrad\/?page_id=294"},"modified":"2023-10-30T13:46:12","modified_gmt":"2023-10-30T16:46:12","slug":"composicao","status":"publish","type":"page","link":"http:\/\/sjcampos.cedecom.ufmg.br:8888\/odonto_posgrad\/composicao\/","title":{"rendered":"Composi\u00e7\u00e3o"},"content":{"rendered":"\n<p>O Colegiado de P\u00f3s-gradua\u00e7\u00e3o em Odontologia (CPGO) \u00e9 composto pela coordena\u00e7\u00e3o do CPGO, coordenadores de cada \u00e1rea das sete \u00e1reas de concentra\u00e7\u00e3o do Programa de P\u00f3s-gradua\u00e7\u00e3o em Odontologia, coordenador do curso de Mestrado Profissional em Odontologia em Sa\u00fade Publica, representante de cursos de especializa\u00e7\u00e3o e representante discente.<\/p>\n\n\n\n<p><strong>Coordena\u00e7\u00e3o<\/strong><\/p>\n\n\n\n<p><strong>Coordenador<\/strong>&nbsp;Mauro Henrique Nogueira Guimar\u00e3es de Abreu<br><strong>Subcoordenador<\/strong>&nbsp;Felipe Paiva Fonseca<\/p>\n\n\n\n<p><strong>Membros<\/strong><\/p>\n\n\n\n<p><strong>Cl\u00ednica Odontol\u00f3gica<\/strong><br>\u2013 Soraia Macari (Titular)<br>\u2013 Carolina Bosso Andr\u00e9 (Suplente)<\/p>\n\n\n\n<p><strong>Endodontia<\/strong><br>\u2013 Francine Benetti (Titular)<br>\u2013 Ana Cec\u00edlia Diniz Viana (Suplente)<\/p>\n\n\n\n<p><strong>Estomatologia<\/strong><br>\u2013 Tarc\u00edlia Aparecida da Silva (Titular)<br>\u2013 Maria C\u00e1ssia Ferreira de Aguiar (Suplente)<\/p>\n\n\n\n<p><strong>Odontopediatria<\/strong><br>\u2013 Fernanda de Morais Ferreira (Titular)<br>\u2013 Saul Martins de Paiva (Suplente)<\/p>\n\n\n\n<p><strong>Patologia Bucal<\/strong><br>\u2013 Patr\u00edcia Carlos Caldeira (Titular)<br>\u2013 S\u00edlvia Ferreira de Sousa (Suplente)<\/p>\n\n\n\n<p><strong>Periodontia<\/strong><br>\u2013 Lu\u00eds Ot\u00e1vio de Miranda Cota (Titular)<br>\u2013 Fernando de Oliveira Costa (Suplente)<\/p>\n\n\n\n<p><strong>Sa\u00fade Coletiva<\/strong><br>\u2013 Renata de Castro Martins (Titular)<br>\u2013 Ana Cristina Borges de Oliveira (Suplente)<\/p>\n\n\n\n<p><strong>Representantes do Mestrado Profissional \u2013 Odontologia em Sa\u00fade P\u00fablica<\/strong><br>\u2013 L\u00edvia Guimar\u00e3es Zina (Titular)<br>\u2013 Loliza Chalub Luiz Figueiredo Houri (Suplente)<\/p>\n\n\n\n<p><strong>Representantes dos cursos de Especializa\u00e7\u00e3o<\/strong><br>\u2013 Leniana Santos Neves (Titular)<br>\u2013 Hugo Henriques Alvim (Suplente)<\/p>\n\n\n\n<p><strong>Representantes discentes<\/strong><br>\u2013 Ana Clara Ferreira de Paiva (Titular)<br>\u2013 Ana Carolina Marques Medeiros (Suplente)<\/p>\n\n\n\n<p><strong>Secret\u00e1rios<\/strong><br>\u2013 Luciene Aparecida Aleixo<br>\u2013 Val\u00e9ria Hoffmam de Oliveira Carvalho<br>\u2013 Victor Felipe Alves<\/p>\n","protected":false},"excerpt":{"rendered":"<p>O Colegiado de P\u00f3s-gradua\u00e7\u00e3o em Odontologia (CPGO) \u00e9 composto pela coordena\u00e7\u00e3o do CPGO, coordenadores de cada \u00e1rea das sete \u00e1reas de concentra\u00e7\u00e3o do Programa de P\u00f3s-gradua\u00e7\u00e3o em Odontologia, coordenador do curso de Mestrado Profissional em Odontologia em Sa\u00fade Publica, representante de cursos de especializa\u00e7\u00e3o e representante discente. Coordena\u00e7\u00e3o Coordenador&nbsp;Mauro Henrique Nogueira Guimar\u00e3es de AbreuSubcoordenador&nbsp;Felipe Paiva [&hellip;]<\/p>\n","protected":false},"author":1,"featured_media":0,"parent":0,"menu_order":180,"comment_status":"closed","ping_status":"closed","template":"","meta":{"_acf_changed":false,"footnotes":""},"class_list":["post-294","page","type-page","status-publish","hentry"],"acf":[],"_links":{"self":[{"href":"http:\/\/sjcampos.cedecom.ufmg.br:8888\/odonto_posgrad\/wp-json\/wp\/v2\/pages\/294"}],"collection":[{"href":"http:\/\/sjcampos.cedecom.ufmg.br:8888\/odonto_posgrad\/wp-json\/wp\/v2\/pages"}],"about":[{"href":"http:\/\/sjcampos.cedecom.ufmg.br:8888\/odonto_posgrad\/wp-json\/wp\/v2\/types\/page"}],"author":[{"embeddable":true,"href":"http:\/\/sjcampos.cedecom.ufmg.br:8888\/odonto_posgrad\/wp-json\/wp\/v2\/users\/1"}],"replies":[{"embeddable":true,"href":"http:\/\/sjcampos.cedecom.ufmg.br:8888\/odonto_posgrad\/wp-json\/wp\/v2\/comments?post=294"}],"version-history":[{"count":2,"href":"http:\/\/sjcampos.cedecom.ufmg.br:8888\/odonto_posgrad\/wp-json\/wp\/v2\/pages\/294\/revisions"}],"predecessor-version":[{"id":311,"href":"http:\/\/sjcampos.cedecom.ufmg.br:8888\/odonto_posgrad\/wp-json\/wp\/v2\/pages\/294\/revisions\/311"}],"wp:attachment":[{"href":"http:\/\/sjcampos.cedecom.ufmg.br:8888\/odonto_posgrad\/wp-json\/wp\/v2\/media?parent=294"}],"curies":[{"name":"wp","href":"https:\/\/api.w.org\/{rel}","templated":true}]}}