{"id":1497,"date":"2024-02-16T12:29:53","date_gmt":"2024-02-16T14:29:53","guid":{"rendered":"http:\/\/sjcampos.cedecom.ufmg.br:8888\/mostra\/?page_id=1497"},"modified":"2024-11-08T12:48:58","modified_gmt":"2024-11-08T14:48:58","slug":"como-entrar","status":"publish","type":"page","link":"http:\/\/sjcampos.cedecom.ufmg.br:8888\/mostra\/como-entrar\/","title":{"rendered":"Como entrar"},"content":{"rendered":"\n<h3 class=\"wp-block-heading\"><strong>Quero entrar! E agora?<\/strong><\/h3>\n\n\n\n<p>A forma de entrada da maioria dos cursos de gradua\u00e7\u00e3o ocorre no primeiro per\u00edodo de cada ano, por meio do  <a rel=\"noreferrer noopener\" href=\"https:\/\/www.ufmg.br\/sisu\/\" data-type=\"URL\" data-id=\"https:\/\/www.ufmg.br\/sisu\/\" target=\"_blank\">Sistema de Sele\u00e7\u00e3o Unificada (Sisu)<\/a>. Para concorrer, \u00e9 necess\u00e1rio ter participado do Exame Nacional do Ensino M\u00e9dio (ENEM) do ano anterior.<\/p>\n\n\n\n<h3 class=\"wp-block-heading\">Passo a Passo Sisu<\/h3>\n\n\n\n<p><strong>1\u00ba<\/strong> Participar do ENEM<\/p>\n\n\n\n<p><strong>2\u00ba<\/strong> Se inscrever no SISU<\/p>\n\n\n\n<p><strong>3\u00ba<\/strong> Conseguir aprova\u00e7\u00e3o na UFMG<\/p>\n\n\n\n<p><strong>4\u00ba<\/strong> Realizar o registro acad\u00eamico e a matr\u00edcula<\/p>\n\n\n\n<p><\/p>\n\n\n\n<p><strong>Aten\u00e7\u00e3o! <\/strong>Para realizar o registro e ter a matr\u00edcula efetivada, voc\u00ea precisa apresentar os documentos da modalidade escolhida e, caso necess\u00e1rio, participar de procedimentos adicionais. Por isso, n\u00e3o deixe de ler o edital do SISU com aten\u00e7\u00e3o! Voc\u00ea pode acess\u00e1-lo em <a href=\"http:\/\/www.ufmg.br\/sisu\" target=\"_blank\" rel=\"noreferrer noopener\">www.ufmg.br\/sisu<\/a>.<\/p>\n\n\n\n<p><\/p>\n\n\n\n<h3 class=\"wp-block-heading\">Modalidades de vagas, o que \u00e9 isso?<\/h3>\n\n\n\n<p>Nos cursos de gradua\u00e7\u00e3o da UFMG, 50% das vagas s\u00e3o reservadas para o <strong>sistema de cotas<\/strong>, divididas em <strong>oito modalidades<\/strong>, al\u00e9m da ampla concorr\u00eancia. Voc\u00ea pode concorrer em uma delas: escola p\u00fablica, renda familiar, pertencimento \u00e9tnico (negro, quilombolas ou ind\u00edgena) ou pessoa com defici\u00eancia.\u00a0<\/p>\n\n\n\n<p>Importante! Para participar de qualquer uma das modalidades da reserva de vagas \u00e9 preciso<strong> ter cursado integralmente o ensino m\u00e9dio em escola p\u00fablica brasileira<\/strong>.<\/p>\n\n\n\n<p>No site <a rel=\"noreferrer noopener\" href=\"http:\/\/www.ufmg.br\/sisu\" target=\"_blank\">www.ufmg.br\/sisu<\/a> voc\u00ea pode conferir o Edital SISU\/UFMG das edi\u00e7\u00f5es anteriores e acompanhar todas as mudan\u00e7as e novidades.\u00a0<\/p>\n\n\n\n<p><\/p>\n\n\n\n<h3 class=\"wp-block-heading\">Dicas<\/h3>\n\n\n\n<p>&#8211; <strong>PARA COMPROVA\u00c7\u00c3O DE RENDA: <\/strong>\u00c9 f\u00e1cil comprovar <strong>renda familiar bruta mensal igual ou inferior a 1 sal\u00e1rio m\u00ednimo <\/strong><strong><em>per capita<\/em><\/strong> pelo Cad\u00danico (Cadastro \u00danico para Programas Sociais). Procure o Cras (Centro de Refer\u00eancia da Assist\u00eancia Social) e realize o seu cadastro.\u00a0<\/p>\n\n\n\n<p>Importante! S\u00f3 ser\u00e3o aceitos cadastros atualizados nos \u00faltimos 24 meses anteriores \u00e0 data de inscri\u00e7\u00e3o no processo seletivo. O comprovante deve apresentar o valor exato da renda <em>per capita<\/em>.\u00a0<\/p>\n\n\n\n<p><\/p>\n\n\n\n<p>&#8211; <strong>PARA IND\u00cdGENAS OU QUILOMBOLAS: <\/strong>\u00c9 necess\u00e1rio apresentar declara\u00e7\u00e3o de pertencimento \u00e9tnico assinada por, no m\u00ednimo, tr\u00eas lideran\u00e7as reconhecidas da comunidade.\u00a0<\/p>\n\n\n\n<p><\/p>\n\n\n\n<p>&#8211; <strong>PARA PESSOAS NEGRAS (PRETAS OU PARDAS):<\/strong> \u00c9 preciso apresentar carta de autodeclara\u00e7\u00e3o e comparecer \u00e0 banca de heteroidentifica\u00e7\u00e3o, que avalia se o fen\u00f3tipo (caracter\u00edsticas f\u00edsicas) \u00e9 compat\u00edvel com o prop\u00f3sito da reserva de vagas \u00e9tnicas. Caracter\u00edsticas f\u00edsicas dos seus ascendentes (pai, m\u00e3e, av\u00f3s, tios, tias e outros) n\u00e3o ser\u00e3o considerados.<\/p>\n\n\n\n<p><\/p>\n\n\n\n<p><strong>&#8211; PARA PESSOAS COM DEFICI\u00caNCIA: <\/strong>A UFMG leva em considera\u00e7\u00e3o a perspectiva biopsicossocial e n\u00e3o apenas o diagn\u00f3stico baseado no C\u00f3digo Internacional de Doen\u00e7a (CID). Al\u00e9m dos relat\u00f3rios de profissionais de sa\u00fade informando o tipo da defici\u00eancia e da apresenta\u00e7\u00e3o de exames, h\u00e1 tamb\u00e9m a banca de verifica\u00e7\u00e3o e valida\u00e7\u00e3o.<\/p>\n\n\n\n<p><\/p>\n\n\n\n<h3 class=\"wp-block-heading\"><strong>EXISTEM OUTRAS FORMAS DE INGRESSO?<\/strong><\/h3>\n\n\n\n<p>Para concorrer a uma vaga nos cursos de Artes Visuais, Cinema de Anima\u00e7\u00e3o e Artes Digitais, Dan\u00e7a, Design de Moda, M\u00fasica e Teatro voc\u00ea precisa realizar o Vestibular de Habilidades, sele\u00e7\u00e3o em duas etapas: uma que utiliza as notas do Enem e outra com provas de habilidades espec\u00edficas.&nbsp;<\/p>\n\n\n\n<p>Os cursos de Licenciatura em Educa\u00e7\u00e3o do Campo, Forma\u00e7\u00e3o Intercultural para Educadores Ind\u00edgenas, Licenciatura em Letras-Libras, programa de vagas suplementares para estudantes ind\u00edgenas, al\u00e9m de outras vagas adicionais, possuem processos seletivos espec\u00edficos.&nbsp;<\/p>\n\n\n\n<p>Saiba mais: <a href=\"http:\/\/www.ufmg.br\/copeve\">www.ufmg.br\/copeve<\/a><\/p>\n","protected":false},"excerpt":{"rendered":"<p>Quero entrar! E agora? A forma de entrada da maioria dos cursos de gradua\u00e7\u00e3o ocorre no primeiro per\u00edodo de cada ano, por meio do Sistema de Sele\u00e7\u00e3o Unificada (Sisu). Para concorrer, \u00e9 necess\u00e1rio ter participado do Exame Nacional do Ensino M\u00e9dio (ENEM) do ano anterior. Passo a Passo Sisu 1\u00ba Participar do ENEM 2\u00ba Se [&hellip;]<\/p>\n","protected":false},"author":2,"featured_media":0,"parent":0,"menu_order":0,"comment_status":"closed","ping_status":"closed","template":"","meta":{"_acf_changed":false,"footnotes":""},"class_list":["post-1497","page","type-page","status-publish","hentry"],"acf":[],"_links":{"self":[{"href":"http:\/\/sjcampos.cedecom.ufmg.br:8888\/mostra\/wp-json\/wp\/v2\/pages\/1497","targetHints":{"allow":["GET"]}}],"collection":[{"href":"http:\/\/sjcampos.cedecom.ufmg.br:8888\/mostra\/wp-json\/wp\/v2\/pages"}],"about":[{"href":"http:\/\/sjcampos.cedecom.ufmg.br:8888\/mostra\/wp-json\/wp\/v2\/types\/page"}],"author":[{"embeddable":true,"href":"http:\/\/sjcampos.cedecom.ufmg.br:8888\/mostra\/wp-json\/wp\/v2\/users\/2"}],"replies":[{"embeddable":true,"href":"http:\/\/sjcampos.cedecom.ufmg.br:8888\/mostra\/wp-json\/wp\/v2\/comments?post=1497"}],"version-history":[{"count":8,"href":"http:\/\/sjcampos.cedecom.ufmg.br:8888\/mostra\/wp-json\/wp\/v2\/pages\/1497\/revisions"}],"predecessor-version":[{"id":2492,"href":"http:\/\/sjcampos.cedecom.ufmg.br:8888\/mostra\/wp-json\/wp\/v2\/pages\/1497\/revisions\/2492"}],"wp:attachment":[{"href":"http:\/\/sjcampos.cedecom.ufmg.br:8888\/mostra\/wp-json\/wp\/v2\/media?parent=1497"}],"curies":[{"name":"wp","href":"https:\/\/api.w.org\/{rel}","templated":true}]}}