{"id":1466,"date":"2024-02-08T16:53:57","date_gmt":"2024-02-08T18:53:57","guid":{"rendered":"http:\/\/sjcampos.cedecom.ufmg.br:8888\/mostra\/?page_id=1466"},"modified":"2024-03-07T16:14:53","modified_gmt":"2024-03-07T19:14:53","slug":"a-ufmg","status":"publish","type":"page","link":"http:\/\/sjcampos.cedecom.ufmg.br:8888\/mostra\/a-ufmg\/","title":{"rendered":"A UFMG"},"content":{"rendered":"\n<figure class=\"wp-block-image size-large\"><img loading=\"lazy\" decoding=\"async\" width=\"1024\" height=\"683\" src=\"http:\/\/sjcampos.cedecom.ufmg.br:8888\/mostra\/wp-content\/uploads\/2024\/02\/Aula-de-campo-Bruno-Ihara-1024x683.jpg\" alt=\"\" class=\"wp-image-1470\" srcset=\"http:\/\/sjcampos.cedecom.ufmg.br:8888\/mostra\/wp-content\/uploads\/2024\/02\/Aula-de-campo-Bruno-Ihara-1024x683.jpg 1024w, http:\/\/sjcampos.cedecom.ufmg.br:8888\/mostra\/wp-content\/uploads\/2024\/02\/Aula-de-campo-Bruno-Ihara-300x200.jpg 300w, http:\/\/sjcampos.cedecom.ufmg.br:8888\/mostra\/wp-content\/uploads\/2024\/02\/Aula-de-campo-Bruno-Ihara-768x512.jpg 768w, http:\/\/sjcampos.cedecom.ufmg.br:8888\/mostra\/wp-content\/uploads\/2024\/02\/Aula-de-campo-Bruno-Ihara-1536x1024.jpg 1536w, http:\/\/sjcampos.cedecom.ufmg.br:8888\/mostra\/wp-content\/uploads\/2024\/02\/Aula-de-campo-Bruno-Ihara-2048x1365.jpg 2048w\" sizes=\"auto, (max-width: 1024px) 100vw, 1024px\" \/><figcaption class=\"wp-element-caption\">Campus Montes Claros da UFMG<br>Foto: Bruno Ihara\/UFMG<\/figcaption><\/figure>\n\n\n\n<p>A UFMG, maior universidade do estado de Minas Gerais, \u00e9 considerada pelos sistemas de avalia\u00e7\u00e3o do ensino superior no Brasil uma das melhores universidades do pa\u00eds. Est\u00e1 bem posicionada nos mais diversos indicadores acad\u00eamicos, sendo avaliada com a nota m\u00e1xima pelo Instituto Nacional de Estudos e Pesquisas Educacionais An\u00edsio Teixeira (Inep), do Minist\u00e9rio da Educa\u00e7\u00e3o (MEC).<\/p>\n\n\n\n<p>Esses indicadores s\u00e3o reflexo da qualidade das a\u00e7\u00f5es de ensino, pesquisa e extens\u00e3o da Universidade, que tem:<\/p>\n\n\n\n<ul class=\"wp-block-list\">\n<li><strong>94<\/strong>&nbsp;cursos de gradua\u00e7\u00e3o;<\/li>\n\n\n\n<li><strong>3<\/strong>&nbsp;campi universit\u00e1rios (dois em Belo Horizonte, um em Montes Claros);<\/li>\n\n\n\n<li><strong>20<\/strong>&nbsp;unidades acad\u00eamicas;<\/li>\n\n\n\n<li><strong>48.949<\/strong>&nbsp;estudantes;<\/li>\n\n\n\n<li><strong>2.818<\/strong>&nbsp;professores e&nbsp;<strong>4.299<\/strong>&nbsp;servidores<\/li>\n<\/ul>\n\n\n\n<p>Foi fundada em 1927 e orgulha-se de j\u00e1 ter formado nomes famosos, como Carlos Drummond de Andrade, Guimar\u00e3es Rosa, Fernanda Takai, Samuel Rosa, Tost\u00e3o, Ziraldo e nada menos que 7 ex-presidentes da rep\u00fablica.<\/p>\n\n\n\n<p>Conhe\u00e7a mais sobre a UFMG no&nbsp;<a href=\"https:\/\/ufmg.br\/a-universidade\/apresentacao\" target=\"_blank\" rel=\"noreferrer noopener\">portal oficial da Universidade.<\/a><\/p>\n","protected":false},"excerpt":{"rendered":"<p>A UFMG, maior universidade do estado de Minas Gerais, \u00e9 considerada pelos sistemas de avalia\u00e7\u00e3o do ensino superior no Brasil uma das melhores universidades do pa\u00eds. Est\u00e1 bem posicionada nos mais diversos indicadores acad\u00eamicos, sendo avaliada com a nota m\u00e1xima pelo Instituto Nacional de Estudos e Pesquisas Educacionais An\u00edsio Teixeira (Inep), do Minist\u00e9rio da Educa\u00e7\u00e3o [&hellip;]<\/p>\n","protected":false},"author":2,"featured_media":0,"parent":0,"menu_order":0,"comment_status":"closed","ping_status":"closed","template":"","meta":{"_acf_changed":false,"footnotes":""},"class_list":["post-1466","page","type-page","status-publish","hentry"],"acf":[],"_links":{"self":[{"href":"http:\/\/sjcampos.cedecom.ufmg.br:8888\/mostra\/wp-json\/wp\/v2\/pages\/1466","targetHints":{"allow":["GET"]}}],"collection":[{"href":"http:\/\/sjcampos.cedecom.ufmg.br:8888\/mostra\/wp-json\/wp\/v2\/pages"}],"about":[{"href":"http:\/\/sjcampos.cedecom.ufmg.br:8888\/mostra\/wp-json\/wp\/v2\/types\/page"}],"author":[{"embeddable":true,"href":"http:\/\/sjcampos.cedecom.ufmg.br:8888\/mostra\/wp-json\/wp\/v2\/users\/2"}],"replies":[{"embeddable":true,"href":"http:\/\/sjcampos.cedecom.ufmg.br:8888\/mostra\/wp-json\/wp\/v2\/comments?post=1466"}],"version-history":[{"count":7,"href":"http:\/\/sjcampos.cedecom.ufmg.br:8888\/mostra\/wp-json\/wp\/v2\/pages\/1466\/revisions"}],"predecessor-version":[{"id":1818,"href":"http:\/\/sjcampos.cedecom.ufmg.br:8888\/mostra\/wp-json\/wp\/v2\/pages\/1466\/revisions\/1818"}],"wp:attachment":[{"href":"http:\/\/sjcampos.cedecom.ufmg.br:8888\/mostra\/wp-json\/wp\/v2\/media?parent=1466"}],"curies":[{"name":"wp","href":"https:\/\/api.w.org\/{rel}","templated":true}]}}