{"id":1462,"date":"2024-02-08T16:51:09","date_gmt":"2024-02-08T18:51:09","guid":{"rendered":"http:\/\/sjcampos.cedecom.ufmg.br:8888\/mostra\/?page_id=1462"},"modified":"2024-11-07T13:49:29","modified_gmt":"2024-11-07T15:49:29","slug":"a-mostra","status":"publish","type":"page","link":"http:\/\/sjcampos.cedecom.ufmg.br:8888\/mostra\/a-mostra\/","title":{"rendered":"A Mostra"},"content":{"rendered":"\n<figure class=\"wp-block-embed is-type-video is-provider-youtube wp-block-embed-youtube wp-embed-aspect-16-9 wp-has-aspect-ratio\"><div class=\"wp-block-embed__wrapper\">\n<iframe loading=\"lazy\" title=\"Mostra Sua UFMG 2024 | Campus Pampulha\" width=\"500\" height=\"281\" src=\"https:\/\/www.youtube.com\/embed\/-jCuU00KbQM?feature=oembed\" frameborder=\"0\" allow=\"accelerometer; autoplay; clipboard-write; encrypted-media; gyroscope; picture-in-picture; web-share\" referrerpolicy=\"strict-origin-when-cross-origin\" allowfullscreen><\/iframe>\n<\/div><\/figure>\n\n\n\n<p>Anualmente, e de forma totalmente gratuita, a maior universidade de Minas Gerais abre as portas de seus campi para a visita de estudantes do ensino b\u00e1sico. Em 2024, a Mostra Sua UFMG obteve milhares de inscri\u00e7\u00f5es em suas <strong>duas edi\u00e7\u00f5es<\/strong>, nos campi <a href=\"https:\/\/ufmg.br\/comunicacao\/noticias\/mostra-sua-ufmg-reune-2-mil-estudantes-no-campus-montes-claros\"><strong>Montes Claros<\/strong><\/a> e <a href=\"https:\/\/ufmg.br\/comunicacao\/noticias\/entre-conviccoes-e-incertezas-estudantes-do-ensino-basico-projetam-seu-futuro-na-ufmg\"><strong>Pampulha<\/strong><\/a>, contando com a participa\u00e7\u00e3o de pessoas de todas as partes do estado.\u00a0<\/p>\n\n\n\n<p><strong>Em 2025<\/strong> o evento promover\u00e1 <strong>duas edi\u00e7\u00f5es presenciais<\/strong>. A primeira, no dia <strong>26 de abril<\/strong>, acontecer\u00e1 no <strong>campus Montes Claros<\/strong> na qual ser\u00e3o apresentadas as estruturas do campus, localizado na regi\u00e3o norte de Minas, e seus cursos. J\u00e1 a segunda acontecer\u00e1 no <strong>campus Pampulha<\/strong>, no dia <strong>24 de maio<\/strong>, em que os inscritos poder\u00e3o conhecer todos os <a rel=\"noreferrer noopener\" href=\"http:\/\/sjcampos.cedecom.ufmg.br:8888\/mostra\/cursos\/\" target=\"_blank\">94 cursos de gradua\u00e7\u00e3o<\/a> ofertados pela UFMG.<\/p>\n\n\n\n<figure class=\"wp-block-embed is-type-video is-provider-youtube wp-block-embed-youtube\"><div class=\"wp-block-embed__wrapper\">\n<iframe loading=\"lazy\" title=\"Mostra Sua UFMG Campus Montes Claros 2024\" width=\"500\" height=\"281\" src=\"https:\/\/www.youtube.com\/embed\/jRK4VJv74hE?feature=oembed\" frameborder=\"0\" allow=\"accelerometer; autoplay; clipboard-write; encrypted-media; gyroscope; picture-in-picture; web-share\" referrerpolicy=\"strict-origin-when-cross-origin\" allowfullscreen><\/iframe>\n<\/div><\/figure>\n\n\n\n<p>Aproveite essas oportunidades para conhecer os diversos espa\u00e7os f\u00edsicos da Universidade Federal de Minas Gerais e tudo o que ela tem a oferecer. Participe! Chame a sua turma, veja quais cursos te despertam maior curiosidade e afinidade. N\u00e3o perca a chance de interagir com professores e estudantes da UFMG nas palestras e salas interativas criadas especialmente para voc\u00ea. E n\u00e3o deixe para fazer sua inscri\u00e7\u00e3o na \u00faltima hora porque as <strong>vagas s\u00e3o limitadas<\/strong>. Esperamos por voc\u00ea!<\/p>\n\n\n\n<p><\/p>\n","protected":false},"excerpt":{"rendered":"<p>Anualmente, e de forma totalmente gratuita, a maior universidade de Minas Gerais abre as portas de seus campi para a visita de estudantes do ensino b\u00e1sico. Em 2024, a Mostra Sua UFMG obteve milhares de inscri\u00e7\u00f5es em suas duas edi\u00e7\u00f5es, nos campi Montes Claros e Pampulha, contando com a participa\u00e7\u00e3o de pessoas de todas as [&hellip;]<\/p>\n","protected":false},"author":2,"featured_media":0,"parent":0,"menu_order":0,"comment_status":"closed","ping_status":"closed","template":"","meta":{"_acf_changed":false,"footnotes":""},"class_list":["post-1462","page","type-page","status-publish","hentry"],"acf":[],"_links":{"self":[{"href":"http:\/\/sjcampos.cedecom.ufmg.br:8888\/mostra\/wp-json\/wp\/v2\/pages\/1462","targetHints":{"allow":["GET"]}}],"collection":[{"href":"http:\/\/sjcampos.cedecom.ufmg.br:8888\/mostra\/wp-json\/wp\/v2\/pages"}],"about":[{"href":"http:\/\/sjcampos.cedecom.ufmg.br:8888\/mostra\/wp-json\/wp\/v2\/types\/page"}],"author":[{"embeddable":true,"href":"http:\/\/sjcampos.cedecom.ufmg.br:8888\/mostra\/wp-json\/wp\/v2\/users\/2"}],"replies":[{"embeddable":true,"href":"http:\/\/sjcampos.cedecom.ufmg.br:8888\/mostra\/wp-json\/wp\/v2\/comments?post=1462"}],"version-history":[{"count":56,"href":"http:\/\/sjcampos.cedecom.ufmg.br:8888\/mostra\/wp-json\/wp\/v2\/pages\/1462\/revisions"}],"predecessor-version":[{"id":2486,"href":"http:\/\/sjcampos.cedecom.ufmg.br:8888\/mostra\/wp-json\/wp\/v2\/pages\/1462\/revisions\/2486"}],"wp:attachment":[{"href":"http:\/\/sjcampos.cedecom.ufmg.br:8888\/mostra\/wp-json\/wp\/v2\/media?parent=1462"}],"curies":[{"name":"wp","href":"https:\/\/api.w.org\/{rel}","templated":true}]}}