{"id":400,"date":"2024-09-06T14:05:44","date_gmt":"2024-09-06T17:05:44","guid":{"rendered":"http:\/\/sjcampos.cedecom.ufmg.br:8888\/centenario\/?page_id=400"},"modified":"2024-09-06T14:38:21","modified_gmt":"2024-09-06T17:38:21","slug":"programas-institucionais","status":"publish","type":"page","link":"http:\/\/sjcampos.cedecom.ufmg.br:8888\/centenario\/programas-institucionais\/","title":{"rendered":"Programas Institucionais"},"content":{"rendered":"<style>#sp-ea-368 .spcollapsing { height: 0; overflow: hidden; transition-property: height;transition-duration: 300ms;}#sp-ea-368.sp-easy-accordion>.sp-ea-single {margin-bottom: 10px; border: 1px solid #e2e2e2; }#sp-ea-368.sp-easy-accordion>.sp-ea-single>.ea-header a {color: #444;}#sp-ea-368.sp-easy-accordion>.sp-ea-single>.sp-collapse>.ea-body {background: #fff; color: #444;}#sp-ea-368.sp-easy-accordion>.sp-ea-single {background: #eee;}#sp-ea-368.sp-easy-accordion>.sp-ea-single>.ea-header a .ea-expand-icon { float: left; color: #444;font-size: 16px;}<\/style><div id=\"sp_easy_accordion-1725630985\">\n<div id=\"sp-ea-368\" class=\"sp-ea-one sp-easy-accordion\" data-ex-icon=\"minus\" data-col-icon=\"plus\" data-ea-active=\"ea-click\" data-ea-mode=\"vertical\" data-preloader=\"\" data-scroll-active-item=\"\" data-offset-to-scroll=\"0\">\n\t<!-- Start accordion card div. -->\n\t<div class=\"ea-card  sp-ea-single\">\n\t\t<!-- Start accordion header. -->\n\t\t<h3 class=\"ea-header\">\n\t\t\t<!-- Add anchor tag for header. -->\n\t\t\t<a class=\"collapsed\" id=\"ea-header-3680\" data-sptoggle=\"spcollapse\" data-sptarget=\"#collapse3680\" aria-controls=\"collapse3680\" href=\"#\"  aria-expanded=\"false\" tabindex=\"0\">\n\t\t\t<i class=\"ea-expand-icon ea-icon-expand-plus\"><\/i> Assist\u00eancia Estudantil da UFMG\t\t\t<\/a> <!-- Close anchor tag for header. -->\n\t\t<\/h3>\t<!-- Close header tag. -->\n\t\t<!-- Start collapsible content div. -->\n\t\t<div class=\"sp-collapse spcollapse spcollapse\" id=\"collapse3680\" data-parent=\"#sp-ea-368\" role=\"region\" aria-labelledby=\"ea-header-3680\">  <!-- Content div. -->\n\t\t\t<div class=\"ea-body\">\n\t\t\t<p>A <a href=\"https:\/\/ufmg.br\/vida-academica\/apoio-a-permanencia\/assistencia-estudantil\">Assist\u00eancia Estudantil da UFMG<\/a> \u00e9 elaborada e coordenada pela <a href=\"https:\/\/www.ufmg.br\/prae\/\" target=\"_blank\" rel=\"noreferrer noopener\">Pr\u00f3-reitoria de Assuntos Estudantis<\/a>\u00a0(Prae) e executada em parceria com a\u00a0<a href=\"http:\/\/www.fump.ufmg.br\/\" target=\"_blank\" rel=\"noreferrer noopener\">Funda\u00e7\u00e3o Universit\u00e1ria Mendes Pimentel\u00a0<\/a>(Fump), seguindo a <a href=\"https:\/\/www.ufmg.br\/prae\/assistencia-estudantil\/\" target=\"_blank\" rel=\"noreferrer noopener\">Pol\u00edtica de Perman\u00eancia e Assist\u00eancia Estudantil da UFMG<\/a> que promove a perman\u00eancia do estudante na Universidade durante toda a gradua\u00e7\u00e3o. S\u00e3o v\u00e1rias a\u00e7\u00f5es contempladas pela pol\u00edtica, como: moradias estudantis, alimenta\u00e7\u00e3o, transporte, sa\u00fade, compra de material escolar, enriquecimento cultural, expans\u00e3o da forma\u00e7\u00e3o acad\u00eamica, entre muitas outras demandas.<\/p>\n\t\t\t<\/div> <!-- Close content div. -->\n\t\t<\/div> <!-- Close collapse div. -->\n\t<\/div> <!-- Close card div. -->\n\t\t<!-- Start accordion card div. -->\n\t<div class=\"ea-card  sp-ea-single\">\n\t\t<!-- Start accordion header. -->\n\t\t<h3 class=\"ea-header\">\n\t\t\t<!-- Add anchor tag for header. -->\n\t\t\t<a class=\"collapsed\" id=\"ea-header-3681\" data-sptoggle=\"spcollapse\" data-sptarget=\"#collapse3681\" aria-controls=\"collapse3681\" href=\"#\"  aria-expanded=\"false\" tabindex=\"0\">\n\t\t\t<i class=\"ea-expand-icon ea-icon-expand-plus\"><\/i> A\u00e7\u00f5es Afirmativas da UFMG\t\t\t<\/a> <!-- Close anchor tag for header. -->\n\t\t<\/h3>\t<!-- Close header tag. -->\n\t\t<!-- Start collapsible content div. -->\n\t\t<div class=\"sp-collapse spcollapse spcollapse\" id=\"collapse3681\" data-parent=\"#sp-ea-368\" role=\"region\" aria-labelledby=\"ea-header-3681\">  <!-- Content div. -->\n\t\t\t<div class=\"ea-body\">\n\t\t\t<p>As <a href=\"https:\/\/ufmg.br\/vida-academica\/acoes-afirmativas\">A\u00e7\u00f5es Afirmativas da UFMG<\/a> tem como objetivo o desenvolvimento de um conjunto articulado de pr\u00e1ticas acad\u00eamicas de acolhimento, aten\u00e7\u00e3o e apoio aos estudantes em suas necessidades, em seu aproveitamento acad\u00eamico e no enriquecimento de sua perman\u00eancia na UFMG. As a\u00e7\u00f5es afirmativas s\u00e3o pol\u00edticas criadas com o objetivo de promover a repara\u00e7\u00e3o e a supera\u00e7\u00e3o das desigualdades sociais que estruturam a nossa sociedade.<\/p>\n\t\t\t<\/div> <!-- Close content div. -->\n\t\t<\/div> <!-- Close collapse div. -->\n\t<\/div> <!-- Close card div. -->\n\t\t<!-- Start accordion card div. -->\n\t<div class=\"ea-card  sp-ea-single\">\n\t\t<!-- Start accordion header. -->\n\t\t<h3 class=\"ea-header\">\n\t\t\t<!-- Add anchor tag for header. -->\n\t\t\t<a class=\"collapsed\" id=\"ea-header-3682\" data-sptoggle=\"spcollapse\" data-sptarget=\"#collapse3682\" aria-controls=\"collapse3682\" href=\"#\"  aria-expanded=\"false\" tabindex=\"0\">\n\t\t\t<i class=\"ea-expand-icon ea-icon-expand-plus\"><\/i> Sa\u00fade Mental UFMG\t\t\t<\/a> <!-- Close anchor tag for header. -->\n\t\t<\/h3>\t<!-- Close header tag. -->\n\t\t<!-- Start collapsible content div. -->\n\t\t<div class=\"sp-collapse spcollapse spcollapse\" id=\"collapse3682\" data-parent=\"#sp-ea-368\" role=\"region\" aria-labelledby=\"ea-header-3682\">  <!-- Content div. -->\n\t\t\t<div class=\"ea-body\">\n\t\t\t<p>O programa de <a href=\"https:\/\/www.ufmg.br\/saudemental\/\">Sa\u00fade Mental UFMG<\/a> demonstra o comprometimento que a UFMG \u2013 uma universidade que almeja ser cada vez mais inclusiva, acolhedora e diversa \u2013 tem em zelar pela sa\u00fade mental n\u00e3o apenas de cada membro de sua comunidade, mas, principalmente, de todos e todas de forma coletiva.<\/p>\n\t\t\t<\/div> <!-- Close content div. -->\n\t\t<\/div> <!-- Close collapse div. -->\n\t<\/div> <!-- Close card div. -->\n\t\t<!-- Start accordion card div. -->\n\t<div class=\"ea-card  sp-ea-single\">\n\t\t<!-- Start accordion header. -->\n\t\t<h3 class=\"ea-header\">\n\t\t\t<!-- Add anchor tag for header. -->\n\t\t\t<a class=\"collapsed\" id=\"ea-header-3683\" data-sptoggle=\"spcollapse\" data-sptarget=\"#collapse3683\" aria-controls=\"collapse3683\" href=\"#\"  aria-expanded=\"false\" tabindex=\"0\">\n\t\t\t<i class=\"ea-expand-icon ea-icon-expand-plus\"><\/i> Sempre UFMG\t\t\t<\/a> <!-- Close anchor tag for header. -->\n\t\t<\/h3>\t<!-- Close header tag. -->\n\t\t<!-- Start collapsible content div. -->\n\t\t<div class=\"sp-collapse spcollapse spcollapse\" id=\"collapse3683\" data-parent=\"#sp-ea-368\" role=\"region\" aria-labelledby=\"ea-header-3683\">  <!-- Content div. -->\n\t\t\t<div class=\"ea-body\">\n\t\t\t<p>O Programa <a href=\"https:\/\/www.ufmg.br\/copi\/sempreufmg\/o-que-e\/\">Sempre UFMG<\/a> promove estrat\u00e9gias para que a UFMG estabele\u00e7a um relacionamento mais efetivo com seus egressos (ex-alunos). Suas a\u00e7\u00f5es visam oferecer canais de intera\u00e7\u00e3o com a Institui\u00e7\u00e3o, levantar o perfil social e a trajet\u00f3ria profissional de egressos e elucidar fatores que facilitam ou dificultam o ingresso no mercado de trabalho.<\/p>\n\t\t\t<\/div> <!-- Close content div. -->\n\t\t<\/div> <!-- Close collapse div. -->\n\t<\/div> <!-- Close card div. -->\n\t\t<!-- Start accordion card div. -->\n\t<div class=\"ea-card  sp-ea-single\">\n\t\t<!-- Start accordion header. -->\n\t\t<h3 class=\"ea-header\">\n\t\t\t<!-- Add anchor tag for header. -->\n\t\t\t<a class=\"collapsed\" id=\"ea-header-3684\" data-sptoggle=\"spcollapse\" data-sptarget=\"#collapse3684\" aria-controls=\"collapse3684\" href=\"#\"  aria-expanded=\"false\" tabindex=\"0\">\n\t\t\t<i class=\"ea-expand-icon ea-icon-expand-plus\"><\/i> UFMG Sustent\u00e1vel\t\t\t<\/a> <!-- Close anchor tag for header. -->\n\t\t<\/h3>\t<!-- Close header tag. -->\n\t\t<!-- Start collapsible content div. -->\n\t\t<div class=\"sp-collapse spcollapse spcollapse\" id=\"collapse3684\" data-parent=\"#sp-ea-368\" role=\"region\" aria-labelledby=\"ea-header-3684\">  <!-- Content div. -->\n\t\t\t<div class=\"ea-body\">\n\t\t\t<p><a href=\"https:\/\/www.ufmg.br\/sustentabilidade\/\">UFMG Sustent\u00e1vel<\/a> \u00e9 uma a\u00e7\u00e3o institucional que visa \u00e0 promo\u00e7\u00e3o da sustentabilidade nas a\u00e7\u00f5es cotidianas, que se desenvolvem tanto na esfera administrativa quanto nas pr\u00e1ticas de ensino, pesquisa e extens\u00e3o da UFMG.<\/p>\n\t\t\t<\/div> <!-- Close content div. -->\n\t\t<\/div> <!-- Close collapse div. -->\n\t<\/div> <!-- Close card div. -->\n\t\t<!-- Start accordion card div. -->\n\t<div class=\"ea-card  sp-ea-single\">\n\t\t<!-- Start accordion header. -->\n\t\t<h3 class=\"ea-header\">\n\t\t\t<!-- Add anchor tag for header. -->\n\t\t\t<a class=\"collapsed\" id=\"ea-header-3685\" data-sptoggle=\"spcollapse\" data-sptarget=\"#collapse3685\" aria-controls=\"collapse3685\" href=\"#\"  aria-expanded=\"false\" tabindex=\"0\">\n\t\t\t<i class=\"ea-expand-icon ea-icon-expand-plus\"><\/i> Programa UFMG de Forma\u00e7\u00e3o Cidad\u00e3 em Defesa da Democracia\t\t\t<\/a> <!-- Close anchor tag for header. -->\n\t\t<\/h3>\t<!-- Close header tag. -->\n\t\t<!-- Start collapsible content div. -->\n\t\t<div class=\"sp-collapse spcollapse spcollapse\" id=\"collapse3685\" data-parent=\"#sp-ea-368\" role=\"region\" aria-labelledby=\"ea-header-3685\">  <!-- Content div. -->\n\t\t\t<div class=\"ea-body\">\n\t\t\t<p>O <a href=\"https:\/\/www.ufmg.br\/defesademocracia\/\">Programa UFMG de Forma\u00e7\u00e3o Cidad\u00e3 em Defesa da Democracia<\/a> \u00e9 composto por diversas iniciativas de ensino, pesquisa e extens\u00e3o desenvolvidas na Universidade que permeiam a tem\u00e1tica do combate a desinforma\u00e7\u00e3o de forma a promover a defesa da democracia e da cidadania.<\/p>\n<p>&nbsp;<\/p>\n\t\t\t<\/div> <!-- Close content div. -->\n\t\t<\/div> <!-- Close collapse div. -->\n\t<\/div> <!-- Close card div. -->\n\t<\/div>\n<\/div>\n\n","protected":false},"excerpt":{"rendered":"","protected":false},"author":3,"featured_media":0,"parent":0,"menu_order":4,"comment_status":"closed","ping_status":"closed","template":"","meta":{"_acf_changed":false,"footnotes":""},"class_list":["post-400","page","type-page","status-publish","hentry"],"acf":[],"_links":{"self":[{"href":"http:\/\/sjcampos.cedecom.ufmg.br:8888\/centenario\/wp-json\/wp\/v2\/pages\/400"}],"collection":[{"href":"http:\/\/sjcampos.cedecom.ufmg.br:8888\/centenario\/wp-json\/wp\/v2\/pages"}],"about":[{"href":"http:\/\/sjcampos.cedecom.ufmg.br:8888\/centenario\/wp-json\/wp\/v2\/types\/page"}],"author":[{"embeddable":true,"href":"http:\/\/sjcampos.cedecom.ufmg.br:8888\/centenario\/wp-json\/wp\/v2\/users\/3"}],"replies":[{"embeddable":true,"href":"http:\/\/sjcampos.cedecom.ufmg.br:8888\/centenario\/wp-json\/wp\/v2\/comments?post=400"}],"version-history":[{"count":2,"href":"http:\/\/sjcampos.cedecom.ufmg.br:8888\/centenario\/wp-json\/wp\/v2\/pages\/400\/revisions"}],"predecessor-version":[{"id":403,"href":"http:\/\/sjcampos.cedecom.ufmg.br:8888\/centenario\/wp-json\/wp\/v2\/pages\/400\/revisions\/403"}],"wp:attachment":[{"href":"http:\/\/sjcampos.cedecom.ufmg.br:8888\/centenario\/wp-json\/wp\/v2\/media?parent=400"}],"curies":[{"name":"wp","href":"https:\/\/api.w.org\/{rel}","templated":true}]}}