{"id":366,"date":"2024-09-06T10:56:16","date_gmt":"2024-09-06T13:56:16","guid":{"rendered":"http:\/\/sjcampos.cedecom.ufmg.br:8888\/centenario\/?page_id=366"},"modified":"2024-09-06T11:36:30","modified_gmt":"2024-09-06T14:36:30","slug":"depoimentos","status":"publish","type":"page","link":"http:\/\/sjcampos.cedecom.ufmg.br:8888\/centenario\/depoimentos\/","title":{"rendered":"Depoimentos"},"content":{"rendered":"\n<p><\/p>\n\n\n\n<h2 class=\"wp-block-heading\">S\u00e9rie 90 Anos de Hist\u00f3rias <\/h2>\n\n\n\n<p><br>S\u00e9rie realizada em comemora\u00e7\u00e3o aos <a href=\"https:\/\/www.ufmg.br\/90anos\/90-anos-de-historias\/\">90 anos da UFMG<\/a>. Os epis\u00f3dios apresentam depoimentos de 90 pessoas \u2013 estudantes, servidores docentes e t\u00e9cnico-administrativos e comunidade externa \u2013 marcadas pelas experi\u00eancias vivenciadas na Universidade e que nela tamb\u00e9m deixaram a sua marca.<\/p>\n\n\n\n<p><a href=\"https:\/\/www.youtube.com\/playlist?list=PLBv8koRm6pO1N8XLC4Y_JYNawd6yF4EiX\">Clique aqui<\/a> para acessar a playlist completa com os 90 epis\u00f3dios. <\/p>\n\n\n\n<p>Assista v\u00eddeos de apresenta\u00e7\u00e3o da s\u00e9rie:<\/p>\n\n\n\n<div class=\"wp-block-columns is-layout-flex wp-container-core-columns-is-layout-1 wp-block-columns-is-layout-flex\">\n<div class=\"wp-block-column is-layout-flow wp-block-column-is-layout-flow\">\n<figure class=\"wp-block-embed is-type-video is-provider-youtube wp-block-embed-youtube wp-embed-aspect-16-9 wp-has-aspect-ratio\"><div class=\"wp-block-embed__wrapper\">\n<iframe loading=\"lazy\" title=\"S\u00e9rie 90 anos de hist\u00f3rias - Teaser final\" width=\"500\" height=\"281\" src=\"https:\/\/www.youtube.com\/embed\/nrfDCHVkjd0?feature=oembed\" frameborder=\"0\" allow=\"accelerometer; autoplay; clipboard-write; encrypted-media; gyroscope; picture-in-picture; web-share\" referrerpolicy=\"strict-origin-when-cross-origin\" allowfullscreen><\/iframe>\n<\/div><\/figure>\n<\/div>\n\n\n\n<div class=\"wp-block-column is-layout-flow wp-block-column-is-layout-flow\">\n<figure class=\"wp-block-embed is-type-video is-provider-youtube wp-block-embed-youtube wp-embed-aspect-16-9 wp-has-aspect-ratio\"><div class=\"wp-block-embed__wrapper\">\n<iframe loading=\"lazy\" title=\"#90anosUFMG - Trailer - 90 anos de hist\u00f3rias\" width=\"500\" height=\"281\" src=\"https:\/\/www.youtube.com\/embed\/C4tZKr3TOgE?feature=oembed\" frameborder=\"0\" allow=\"accelerometer; autoplay; clipboard-write; encrypted-media; gyroscope; picture-in-picture; web-share\" referrerpolicy=\"strict-origin-when-cross-origin\" allowfullscreen><\/iframe>\n<\/div><\/figure>\n<\/div>\n<\/div>\n\n\n\n<p><\/p>\n","protected":false},"excerpt":{"rendered":"<p>S\u00e9rie 90 Anos de Hist\u00f3rias S\u00e9rie realizada em comemora\u00e7\u00e3o aos 90 anos da UFMG. Os epis\u00f3dios apresentam depoimentos de 90 pessoas \u2013 estudantes, servidores docentes e t\u00e9cnico-administrativos e comunidade externa \u2013 marcadas pelas experi\u00eancias vivenciadas na Universidade e que nela tamb\u00e9m deixaram a sua marca. Clique aqui para acessar a playlist completa com os 90 [&hellip;]<\/p>\n","protected":false},"author":3,"featured_media":0,"parent":0,"menu_order":6,"comment_status":"closed","ping_status":"closed","template":"","meta":{"_acf_changed":false,"footnotes":""},"class_list":["post-366","page","type-page","status-publish","hentry"],"acf":[],"_links":{"self":[{"href":"http:\/\/sjcampos.cedecom.ufmg.br:8888\/centenario\/wp-json\/wp\/v2\/pages\/366"}],"collection":[{"href":"http:\/\/sjcampos.cedecom.ufmg.br:8888\/centenario\/wp-json\/wp\/v2\/pages"}],"about":[{"href":"http:\/\/sjcampos.cedecom.ufmg.br:8888\/centenario\/wp-json\/wp\/v2\/types\/page"}],"author":[{"embeddable":true,"href":"http:\/\/sjcampos.cedecom.ufmg.br:8888\/centenario\/wp-json\/wp\/v2\/users\/3"}],"replies":[{"embeddable":true,"href":"http:\/\/sjcampos.cedecom.ufmg.br:8888\/centenario\/wp-json\/wp\/v2\/comments?post=366"}],"version-history":[{"count":13,"href":"http:\/\/sjcampos.cedecom.ufmg.br:8888\/centenario\/wp-json\/wp\/v2\/pages\/366\/revisions"}],"predecessor-version":[{"id":384,"href":"http:\/\/sjcampos.cedecom.ufmg.br:8888\/centenario\/wp-json\/wp\/v2\/pages\/366\/revisions\/384"}],"wp:attachment":[{"href":"http:\/\/sjcampos.cedecom.ufmg.br:8888\/centenario\/wp-json\/wp\/v2\/media?parent=366"}],"curies":[{"name":"wp","href":"https:\/\/api.w.org\/{rel}","templated":true}]}}