{"id":341,"date":"2024-09-05T11:07:53","date_gmt":"2024-09-05T14:07:53","guid":{"rendered":"http:\/\/sjcampos.cedecom.ufmg.br:8888\/centenario\/?page_id=341"},"modified":"2024-09-06T09:44:28","modified_gmt":"2024-09-06T12:44:28","slug":"rede-de-museus","status":"publish","type":"page","link":"http:\/\/sjcampos.cedecom.ufmg.br:8888\/centenario\/rede-de-museus\/","title":{"rendered":"Museus UFMG"},"content":{"rendered":"\n<p>A UFMG possui museus, centros de mem\u00f3ria, acervos, centros de refer\u00eancia e outros espa\u00e7os\u00a0destinados a contar um pouco da hist\u00f3ria da Institui\u00e7\u00e3o, al\u00e9m de incentivar a produ\u00e7\u00e3o e a divulga\u00e7\u00e3o do conhecimento cient\u00edfico da Universidade. <a href=\"https:\/\/ufmg.br\/a-universidade\/espacos-da-ufmg\/rede-de-museus\" data-type=\"link\" data-id=\"https:\/\/ufmg.br\/a-universidade\/espacos-da-ufmg\/rede-de-museus\">Clique aqui<\/a> e conhe\u00e7a alguns destes espa\u00e7os de abrigam mem\u00f3rias da UFMG.<\/p>\n","protected":false},"excerpt":{"rendered":"<p>A UFMG possui museus, centros de mem\u00f3ria, acervos, centros de refer\u00eancia e outros espa\u00e7os\u00a0destinados a contar um pouco da hist\u00f3ria da Institui\u00e7\u00e3o, al\u00e9m de incentivar a produ\u00e7\u00e3o e a divulga\u00e7\u00e3o do conhecimento cient\u00edfico da Universidade. Clique aqui e conhe\u00e7a alguns destes espa\u00e7os de abrigam mem\u00f3rias da UFMG.<\/p>\n","protected":false},"author":3,"featured_media":0,"parent":0,"menu_order":7,"comment_status":"closed","ping_status":"closed","template":"","meta":{"_acf_changed":false,"footnotes":""},"class_list":["post-341","page","type-page","status-publish","hentry"],"acf":[],"_links":{"self":[{"href":"http:\/\/sjcampos.cedecom.ufmg.br:8888\/centenario\/wp-json\/wp\/v2\/pages\/341"}],"collection":[{"href":"http:\/\/sjcampos.cedecom.ufmg.br:8888\/centenario\/wp-json\/wp\/v2\/pages"}],"about":[{"href":"http:\/\/sjcampos.cedecom.ufmg.br:8888\/centenario\/wp-json\/wp\/v2\/types\/page"}],"author":[{"embeddable":true,"href":"http:\/\/sjcampos.cedecom.ufmg.br:8888\/centenario\/wp-json\/wp\/v2\/users\/3"}],"replies":[{"embeddable":true,"href":"http:\/\/sjcampos.cedecom.ufmg.br:8888\/centenario\/wp-json\/wp\/v2\/comments?post=341"}],"version-history":[{"count":7,"href":"http:\/\/sjcampos.cedecom.ufmg.br:8888\/centenario\/wp-json\/wp\/v2\/pages\/341\/revisions"}],"predecessor-version":[{"id":354,"href":"http:\/\/sjcampos.cedecom.ufmg.br:8888\/centenario\/wp-json\/wp\/v2\/pages\/341\/revisions\/354"}],"wp:attachment":[{"href":"http:\/\/sjcampos.cedecom.ufmg.br:8888\/centenario\/wp-json\/wp\/v2\/media?parent=341"}],"curies":[{"name":"wp","href":"https:\/\/api.w.org\/{rel}","templated":true}]}}