{"id":136,"date":"2023-07-26T10:22:38","date_gmt":"2023-07-26T13:22:38","guid":{"rendered":"http:\/\/sjcampos.cedecom.ufmg.br:8888\/centenario\/?page_id=136"},"modified":"2024-11-18T14:08:08","modified_gmt":"2024-11-18T17:08:08","slug":"programacao","status":"publish","type":"page","link":"http:\/\/sjcampos.cedecom.ufmg.br:8888\/centenario\/programacao\/","title":{"rendered":"Programa\u00e7\u00e3o"},"content":{"rendered":"\n<p>A UFMG iniciou as comemora\u00e7\u00f5es de seu centen\u00e1rio, que ser\u00e3o completados no dia 7 de setembro de 2027. Desde j\u00e1 fica o convite para que a comunidade universit\u00e1ria contribua com a constru\u00e7\u00e3o dessa programa\u00e7\u00e3o de celebra\u00e7\u00f5es e de reflex\u00f5es sobre a Universidade Federal de Minas Gerais que queremos para o futuro.<\/p>\n","protected":false},"excerpt":{"rendered":"<p>A UFMG iniciou as comemora\u00e7\u00f5es de seu centen\u00e1rio, que ser\u00e3o completados no dia 7 de setembro de 2027. Desde j\u00e1 fica o convite para que a comunidade universit\u00e1ria contribua com a constru\u00e7\u00e3o dessa programa\u00e7\u00e3o de celebra\u00e7\u00f5es e de reflex\u00f5es sobre a Universidade Federal de Minas Gerais que queremos para o futuro.<\/p>\n","protected":false},"author":1,"featured_media":429,"parent":0,"menu_order":15,"comment_status":"closed","ping_status":"closed","template":"page-templates\/page-programming.php","meta":{"_acf_changed":false,"footnotes":""},"class_list":["post-136","page","type-page","status-publish","has-post-thumbnail","hentry"],"acf":[],"_links":{"self":[{"href":"http:\/\/sjcampos.cedecom.ufmg.br:8888\/centenario\/wp-json\/wp\/v2\/pages\/136"}],"collection":[{"href":"http:\/\/sjcampos.cedecom.ufmg.br:8888\/centenario\/wp-json\/wp\/v2\/pages"}],"about":[{"href":"http:\/\/sjcampos.cedecom.ufmg.br:8888\/centenario\/wp-json\/wp\/v2\/types\/page"}],"author":[{"embeddable":true,"href":"http:\/\/sjcampos.cedecom.ufmg.br:8888\/centenario\/wp-json\/wp\/v2\/users\/1"}],"replies":[{"embeddable":true,"href":"http:\/\/sjcampos.cedecom.ufmg.br:8888\/centenario\/wp-json\/wp\/v2\/comments?post=136"}],"version-history":[{"count":9,"href":"http:\/\/sjcampos.cedecom.ufmg.br:8888\/centenario\/wp-json\/wp\/v2\/pages\/136\/revisions"}],"predecessor-version":[{"id":358,"href":"http:\/\/sjcampos.cedecom.ufmg.br:8888\/centenario\/wp-json\/wp\/v2\/pages\/136\/revisions\/358"}],"wp:featuredmedia":[{"embeddable":true,"href":"http:\/\/sjcampos.cedecom.ufmg.br:8888\/centenario\/wp-json\/wp\/v2\/media\/429"}],"wp:attachment":[{"href":"http:\/\/sjcampos.cedecom.ufmg.br:8888\/centenario\/wp-json\/wp\/v2\/media?parent=136"}],"curies":[{"name":"wp","href":"https:\/\/api.w.org\/{rel}","templated":true}]}}